{"id":75,"date":"2024-06-28T07:18:45","date_gmt":"2024-06-28T07:18:45","guid":{"rendered":"https:\/\/beresponsible.be\/home\/"},"modified":"2024-07-30T13:34:33","modified_gmt":"2024-07-30T13:34:33","slug":"home","status":"publish","type":"page","link":"https:\/\/beresponsible.be\/fr\/","title":{"rendered":"Be responsible"},"content":{"rendered":"<div class=\"wpb-content-wrapper\"><p>[vc_section content_placement=\u00a0\u00bbmiddle\u00a0\u00bb el_class=\u00a0\u00bbhero\u00a0\u00bb css=\u00a0\u00bb.vc_custom_1721293976430{background-image: url(https:\/\/beresponsible.be\/wp-content\/uploads\/2024\/06\/BeResponsible.jpg?id=31) !important;background-position: center !important;background-repeat: no-repeat !important;background-size: cover !important;}\u00a0\u00bb][vc_row content_placement=\u00a0\u00bbmiddle\u00a0\u00bb el_class=\u00a0\u00bbcontainer\u00a0\u00bb][vc_column][vc_single_image image=\u00a0\u00bb34&Prime; img_size=\u00a0\u00bbfull\u00a0\u00bb alignment=\u00a0\u00bbcenter\u00a0\u00bb css=\u00a0\u00bb.vc_custom_1721294388011{margin-top: 100px !important;margin-bottom: 135px !important;}\u00a0\u00bb][\/vc_column][\/vc_row][\/vc_section][vc_section css=\u00a0\u00bb.vc_custom_1719578696717{margin-top: 35px !important;}\u00a0\u00bb][vc_row el_class=\u00a0\u00bbcontainer\u00a0\u00bb][vc_column][vc_column_text css=\u00a0\u00bb\u00a0\u00bb]<\/p>\n<h1 style=\"text-align: center;\">La culture de la bi\u00e8re en Belgique<\/h1>\n<h2 style=\"text-align: center;\">Quand convivialit\u00e9 rime avec responsabilit\u00e9<\/h2>\n<p>[\/vc_column_text][\/vc_column][\/vc_row][vc_row equal_height=\u00a0\u00bbyes\u00a0\u00bb content_placement=\u00a0\u00bbmiddle\u00a0\u00bb el_class=\u00a0\u00bbcontainer\u00a0\u00bb css=\u00a0\u00bb.vc_custom_1719578717284{margin-top: 20px !important;}\u00a0\u00bb][vc_column width=\u00a0\u00bb1\/2&Prime;][vc_column_text css=\u00a0\u00bb.vc_custom_1722329340563{margin-bottom: 0px !important;padding-top: 75px !important;padding-bottom: 75px !important;}\u00a0\u00bb]<\/p>\n<p style=\"text-align: center;\">La bi\u00e8re belge rassemble les gens. Depuis le Moyen-\u00c2ge, la bi\u00e8re est le symbole de la coh\u00e9sion et de la convivialit\u00e9. G\u00e9n\u00e9ration apr\u00e8s g\u00e9n\u00e9ration, les brasseurs ont affin\u00e9 leurs recettes, donnant ainsi lieu \u00e0 une incroyable diversit\u00e9 qui caract\u00e9rise la culture de la bi\u00e8re en Belgique. Aujourd\u2019hui, notre pays compte plus de 400 brasseries et plus de 1 600 marques de bi\u00e8re diff\u00e9rentes.<\/p>\n<p style=\"text-align: center;\">M\u00eame si la perception de la bi\u00e8re a profond\u00e9ment chang\u00e9 au fil des ans, son caract\u00e8re f\u00e9d\u00e9rateur demeure. La culture de la bi\u00e8re en Belgique est historiquement ancr\u00e9e dans notre soci\u00e9t\u00e9 et a \u00e9t\u00e9 officiellement reconnue comme patrimoine culturel immat\u00e9riel par l\u2019UNESCO en 2016.<\/p>\n<p style=\"text-align: center;\">Les brasseurs belges sont conscients des responsabilit\u00e9s soci\u00e9tales qu\u2019entra\u00eene la commercialisation de leurs produits. L\u2019attention port\u00e9e \u00e0 la consommation irresponsable d\u2019alcool, en particulier chez les jeunes, s\u2019intensifie, \u00e0 juste titre. Depuis des ann\u00e9es, les brasseurs plaident en faveur d\u2019une consommation responsable et mod\u00e9r\u00e9e de leurs produits. Car cet aspect fait aussi partie de notre culture de la bi\u00e8re.<\/p>\n<p>[\/vc_column_text][\/vc_column][vc_column width=\u00a0\u00bb1\/2&Prime; css=\u00a0\u00bb.vc_custom_1721294111008{background-image: url(https:\/\/beresponsible.be\/wp-content\/uploads\/2024\/07\/BeBeer_Belgische_biercultuur.jpg?id=147) !important;background-position: center !important;background-repeat: no-repeat !important;background-size: cover !important;}\u00a0\u00bb][vc_empty_space height=\u00a0\u00bb300px\u00a0\u00bb][\/vc_column][\/vc_row][\/vc_section][vc_section css=\u00a0\u00bb.vc_custom_1719565822068{margin-top: 50px !important;padding-bottom: 50px !important;background-color: #96e2ff !important;}\u00a0\u00bb][vc_row el_class=\u00a0\u00bbcontainer\u00a0\u00bb][vc_column][vc_column_text css=\u00a0\u00bb\u00a0\u00bb]<\/p>\n<h1 style=\"text-align: center;\">L&rsquo;abus d&rsquo;alcool<\/h1>\n<h2 style=\"text-align: center;\">nuit \u00e0 la sant\u00e9<\/h2>\n<p>[\/vc_column_text][\/vc_column][\/vc_row][vc_row equal_height=\u00a0\u00bbyes\u00a0\u00bb content_placement=\u00a0\u00bbmiddle\u00a0\u00bb el_class=\u00a0\u00bbcontainer\u00a0\u00bb][vc_column width=\u00a0\u00bb1\/2&Prime; css=\u00a0\u00bb.vc_custom_1719565424838{background-image: url(https:\/\/beresponsible.be\/wp-content\/uploads\/2024\/06\/alcoholmisbruik.jpg?id=48) !important;background-position: center !important;background-repeat: no-repeat !important;background-size: cover !important;}\u00a0\u00bb][vc_empty_space height=\u00a0\u00bb300px\u00a0\u00bb][\/vc_column][vc_column width=\u00a0\u00bb1\/2&Prime;][vc_column_text css=\u00a0\u00bb.vc_custom_1722329483077{margin-bottom: 0px !important;padding-top: 75px !important;padding-bottom: 75px !important;}\u00a0\u00bb]<\/p>\n<p style=\"text-align: center;\">L\u2019abus d\u2019alcool est nocif pour la sant\u00e9 et pour notre soci\u00e9t\u00e9, c\u2019est ind\u00e9niable.<\/p>\n<p style=\"text-align: center;\">Les brasseurs belges veulent s\u2019attaquer \u00e0 ce probl\u00e8me, car l\u2019abus d\u2019alcool va \u00e0 l\u2019encontre de tout ce que la bi\u00e8re belge repr\u00e9sente : la qualit\u00e9, la passion et le savoir-faire. Les diff\u00e9rentes initiatives que le secteur a lanc\u00e9es en collaboration avec d\u2019autres organisations et partenaires au fil des ans en sont la preuve. Prenons l\u2019exemple de BOB, des campagnes de sensibilisation telles que \u00ab 16 ans d\u00e9j\u00e0 ? Fais-nous voir \u00e7a ! \u00bb et du cadre d\u2019autor\u00e9gulation en mati\u00e8re de publicit\u00e9 pour l\u2019alcool.<\/p>\n<p style=\"text-align: center;\">R\u00e9cemment encore, le message \u00e9ducatif obligatoire \u00ab\u00a0Une bi\u00e8re brass\u00e9e avec savoir se d\u00e9guste avec sagesse\u00a0\u00bb a \u00e9t\u00e9 remplac\u00e9 par \u00ab\u00a0L\u2019abus d\u2019alcool nuit \u00e0 la sant\u00e9\u00a0\u00bb. Un message clair, percutant et efficace pour mieux informer les consommateurs sur les risques de l\u2019abus d\u2019alcool.<\/p>\n<p>[\/vc_column_text][\/vc_column][\/vc_row][\/vc_section][vc_section][vc_row el_class=\u00a0\u00bbcontainer\u00a0\u00bb][vc_column][vc_column_text css=\u00a0\u00bb\u00a0\u00bb]<\/p>\n<h1 style=\"text-align: center;\">Responsabilit\u00e9<\/h1>\n<h2 style=\"text-align: center;\">active<\/h2>\n<p>[\/vc_column_text][\/vc_column][\/vc_row][vc_row el_class=\u00a0\u00bbcontainer\u00a0\u00bb][vc_column width=\u00a0\u00bb1\/6&Prime;][\/vc_column][vc_column width=\u00a0\u00bb2\/3&Prime;][vc_column_text css=\u00a0\u00bb\u00a0\u00bb]<\/p>\n<p style=\"text-align: center;\">Le secteur veut continuer \u00e0 assumer activement ses responsabilit\u00e9s. C&rsquo;est pourquoi les brasseurs belges lancent une nouvelle plateforme pour appeler \u00e0 une consommation responsable : BE RESPONSIBLE.<br \/>\nD\u00e9guster plut\u00f4t que consommer. Il doit \u00eatre possible de continuer \u00e0 appr\u00e9cier une bi\u00e8re fra\u00eeche ou une d\u00e9licieuse bi\u00e8re de d\u00e9gustation, mais la consommation excessive nuit \u00e0 la sant\u00e9 et nous devons y rem\u00e9dier ensemble.<\/p>\n<p>[\/vc_column_text][\/vc_column][vc_column width=\u00a0\u00bb1\/6&Prime;][\/vc_column][\/vc_row][\/vc_section]<\/p>\n<\/div>","protected":false},"excerpt":{"rendered":"<p>[vc_section content_placement=\u00a0\u00bbmiddle\u00a0\u00bb el_class=\u00a0\u00bbhero\u00a0\u00bb css=\u00a0\u00bb.vc_custom_1721293976430{background-image: url(https:\/\/beresponsible.be\/wp-content\/uploads\/2024\/06\/BeResponsible.jpg?id=31) !important;background-position: center !important;background-repeat: no-repeat !important;background-size: cover !important;}\u00a0\u00bb][vc_row content_placement=\u00a0\u00bbmiddle\u00a0\u00bb el_class=\u00a0\u00bbcontainer\u00a0\u00bb][vc_column][vc_single_image image=\u00a0\u00bb34&Prime; img_size=\u00a0\u00bbfull\u00a0\u00bb alignment=\u00a0\u00bbcenter\u00a0\u00bb css=\u00a0\u00bb.vc_custom_1721294388011{margin-top: 100px !important;margin-bottom: 135px !important;}\u00a0\u00bb][\/vc_column][\/vc_row][\/vc_section][vc_section css=\u00a0\u00bb.vc_custom_1719578696717{margin-top: 35px !important;}\u00a0\u00bb][vc_row el_class=\u00a0\u00bbcontainer\u00a0\u00bb][vc_column][vc_column_text css=\u00a0\u00bb\u00a0\u00bb] La culture de la bi\u00e8re en Belgique Quand convivialit\u00e9 rime avec responsabilit\u00e9 [\/vc_column_text][\/vc_column][\/vc_row][vc_row equal_height=\u00a0\u00bbyes\u00a0\u00bb content_placement=\u00a0\u00bbmiddle\u00a0\u00bb el_class=\u00a0\u00bbcontainer\u00a0\u00bb css=\u00a0\u00bb.vc_custom_1719578717284{margin-top: 20px !important;}\u00a0\u00bb][vc_column width=\u00a0\u00bb1\/2&Prime;][vc_column_text css=\u00a0\u00bb.vc_custom_1722329340563{margin-bottom: 0px !important;padding-top: 75px !important;padding-bottom: 75px !important;}\u00a0\u00bb] La [&hellip;]<\/p>\n","protected":false},"author":1,"featured_media":0,"parent":0,"menu_order":0,"comment_status":"closed","ping_status":"closed","template":"","meta":{"_acf_changed":false,"footnotes":""},"class_list":["post-75","page","type-page","status-publish","hentry"],"acf":[],"yoast_head":"<!-- This site is optimized with the Yoast SEO plugin v24.8.1 - https:\/\/yoast.com\/wordpress\/plugins\/seo\/ -->\n<title>Be responsible | Be Responsible<\/title>\n<meta name=\"robots\" content=\"index, follow, max-snippet:-1, max-image-preview:large, max-video-preview:-1\" \/>\n<link rel=\"canonical\" href=\"https:\/\/beresponsible.be\/fr\/\" \/>\n<meta property=\"og:locale\" content=\"fr_FR\" \/>\n<meta property=\"og:type\" content=\"article\" \/>\n<meta property=\"og:title\" content=\"Be responsible | Be Responsible\" \/>\n<meta property=\"og:description\" content=\"[vc_section content_placement=\u00a0\u00bbmiddle\u00a0\u00bb el_class=\u00a0\u00bbhero\u00a0\u00bb css=\u00a0\u00bb.vc_custom_1721293976430{background-image: url(https:\/\/beresponsible.be\/wp-content\/uploads\/2024\/06\/BeResponsible.jpg?id=31) !important;background-position: center !important;background-repeat: no-repeat !important;background-size: cover !important;}\u00a0\u00bb][vc_row content_placement=\u00a0\u00bbmiddle\u00a0\u00bb el_class=\u00a0\u00bbcontainer\u00a0\u00bb][vc_column][vc_single_image image=\u00a0\u00bb34&Prime; img_size=\u00a0\u00bbfull\u00a0\u00bb alignment=\u00a0\u00bbcenter\u00a0\u00bb css=\u00a0\u00bb.vc_custom_1721294388011{margin-top: 100px !important;margin-bottom: 135px !important;}\u00a0\u00bb][\/vc_column][\/vc_row][\/vc_section][vc_section css=\u00a0\u00bb.vc_custom_1719578696717{margin-top: 35px !important;}\u00a0\u00bb][vc_row el_class=\u00a0\u00bbcontainer\u00a0\u00bb][vc_column][vc_column_text css=\u00a0\u00bb\u00a0\u00bb] La culture de la bi\u00e8re en Belgique Quand convivialit\u00e9 rime avec responsabilit\u00e9 [\/vc_column_text][\/vc_column][\/vc_row][vc_row equal_height=\u00a0\u00bbyes\u00a0\u00bb content_placement=\u00a0\u00bbmiddle\u00a0\u00bb el_class=\u00a0\u00bbcontainer\u00a0\u00bb css=\u00a0\u00bb.vc_custom_1719578717284{margin-top: 20px !important;}\u00a0\u00bb][vc_column width=\u00a0\u00bb1\/2&Prime;][vc_column_text css=\u00a0\u00bb.vc_custom_1722329340563{margin-bottom: 0px !important;padding-top: 75px !important;padding-bottom: 75px !important;}\u00a0\u00bb] La [&hellip;]\" \/>\n<meta property=\"og:url\" content=\"https:\/\/beresponsible.be\/fr\/\" \/>\n<meta property=\"og:site_name\" content=\"Be Responsible\" \/>\n<meta property=\"article:modified_time\" content=\"2024-07-30T13:34:33+00:00\" \/>\n<meta property=\"og:image\" content=\"https:\/\/beresponsible.be\/wp-content\/uploads\/2024\/06\/BeResponsible.jpg\" \/>\n\t<meta property=\"og:image:width\" content=\"2300\" \/>\n\t<meta property=\"og:image:height\" content=\"1533\" \/>\n\t<meta property=\"og:image:type\" content=\"image\/jpeg\" \/>\n<meta name=\"twitter:card\" content=\"summary_large_image\" \/>\n<meta name=\"twitter:label1\" content=\"Dur\u00e9e de lecture estim\u00e9e\" \/>\n\t<meta name=\"twitter:data1\" content=\"3 minutes\" \/>\n<script type=\"application\/ld+json\" class=\"yoast-schema-graph\">{\"@context\":\"https:\/\/schema.org\",\"@graph\":[{\"@type\":\"WebPage\",\"@id\":\"https:\/\/beresponsible.be\/fr\/\",\"url\":\"https:\/\/beresponsible.be\/fr\/\",\"name\":\"Be responsible | Be Responsible\",\"isPartOf\":{\"@id\":\"https:\/\/beresponsible.be\/#website\"},\"datePublished\":\"2024-06-28T07:18:45+00:00\",\"dateModified\":\"2024-07-30T13:34:33+00:00\",\"breadcrumb\":{\"@id\":\"https:\/\/beresponsible.be\/fr\/#breadcrumb\"},\"inLanguage\":\"fr-FR\",\"potentialAction\":[{\"@type\":\"ReadAction\",\"target\":[\"https:\/\/beresponsible.be\/fr\/\"]}]},{\"@type\":\"BreadcrumbList\",\"@id\":\"https:\/\/beresponsible.be\/fr\/#breadcrumb\",\"itemListElement\":[{\"@type\":\"ListItem\",\"position\":1,\"name\":\"Home\",\"item\":\"https:\/\/beresponsible.be\/fr\/\"},{\"@type\":\"ListItem\",\"position\":2,\"name\":\"Be responsible\"}]},{\"@type\":\"WebSite\",\"@id\":\"https:\/\/beresponsible.be\/#website\",\"url\":\"https:\/\/beresponsible.be\/\",\"name\":\"Be Responsible\",\"description\":\"De Belgische biercultuur - Gezelligheid en verantwoordelijkheid hand in hand\",\"publisher\":{\"@id\":\"https:\/\/beresponsible.be\/#organization\"},\"potentialAction\":[{\"@type\":\"SearchAction\",\"target\":{\"@type\":\"EntryPoint\",\"urlTemplate\":\"https:\/\/beresponsible.be\/?s={search_term_string}\"},\"query-input\":{\"@type\":\"PropertyValueSpecification\",\"valueRequired\":true,\"valueName\":\"search_term_string\"}}],\"inLanguage\":\"fr-FR\"},{\"@type\":\"Organization\",\"@id\":\"https:\/\/beresponsible.be\/#organization\",\"name\":\"Be Responsible\",\"url\":\"https:\/\/beresponsible.be\/\",\"logo\":{\"@type\":\"ImageObject\",\"inLanguage\":\"fr-FR\",\"@id\":\"https:\/\/beresponsible.be\/#\/schema\/logo\/image\/\",\"url\":\"https:\/\/beresponsible.be\/wp-content\/uploads\/2024\/07\/BeBeer-Be00.jpg\",\"contentUrl\":\"https:\/\/beresponsible.be\/wp-content\/uploads\/2024\/07\/BeBeer-Be00.jpg\",\"width\":2300,\"height\":1533,\"caption\":\"Be Responsible\"},\"image\":{\"@id\":\"https:\/\/beresponsible.be\/#\/schema\/logo\/image\/\"}}]}<\/script>\n<!-- \/ Yoast SEO plugin. -->","yoast_head_json":{"title":"Be responsible | Be Responsible","robots":{"index":"index","follow":"follow","max-snippet":"max-snippet:-1","max-image-preview":"max-image-preview:large","max-video-preview":"max-video-preview:-1"},"canonical":"https:\/\/beresponsible.be\/fr\/","og_locale":"fr_FR","og_type":"article","og_title":"Be responsible | Be Responsible","og_description":"[vc_section content_placement=\u00a0\u00bbmiddle\u00a0\u00bb el_class=\u00a0\u00bbhero\u00a0\u00bb css=\u00a0\u00bb.vc_custom_1721293976430{background-image: url(https:\/\/beresponsible.be\/wp-content\/uploads\/2024\/06\/BeResponsible.jpg?id=31) !important;background-position: center !important;background-repeat: no-repeat !important;background-size: cover !important;}\u00a0\u00bb][vc_row content_placement=\u00a0\u00bbmiddle\u00a0\u00bb el_class=\u00a0\u00bbcontainer\u00a0\u00bb][vc_column][vc_single_image image=\u00a0\u00bb34&Prime; img_size=\u00a0\u00bbfull\u00a0\u00bb alignment=\u00a0\u00bbcenter\u00a0\u00bb css=\u00a0\u00bb.vc_custom_1721294388011{margin-top: 100px !important;margin-bottom: 135px !important;}\u00a0\u00bb][\/vc_column][\/vc_row][\/vc_section][vc_section css=\u00a0\u00bb.vc_custom_1719578696717{margin-top: 35px !important;}\u00a0\u00bb][vc_row el_class=\u00a0\u00bbcontainer\u00a0\u00bb][vc_column][vc_column_text css=\u00a0\u00bb\u00a0\u00bb] La culture de la bi\u00e8re en Belgique Quand convivialit\u00e9 rime avec responsabilit\u00e9 [\/vc_column_text][\/vc_column][\/vc_row][vc_row equal_height=\u00a0\u00bbyes\u00a0\u00bb content_placement=\u00a0\u00bbmiddle\u00a0\u00bb el_class=\u00a0\u00bbcontainer\u00a0\u00bb css=\u00a0\u00bb.vc_custom_1719578717284{margin-top: 20px !important;}\u00a0\u00bb][vc_column width=\u00a0\u00bb1\/2&Prime;][vc_column_text css=\u00a0\u00bb.vc_custom_1722329340563{margin-bottom: 0px !important;padding-top: 75px !important;padding-bottom: 75px !important;}\u00a0\u00bb] La [&hellip;]","og_url":"https:\/\/beresponsible.be\/fr\/","og_site_name":"Be Responsible","article_modified_time":"2024-07-30T13:34:33+00:00","og_image":[{"width":2300,"height":1533,"url":"https:\/\/beresponsible.be\/wp-content\/uploads\/2024\/06\/BeResponsible.jpg","type":"image\/jpeg"}],"twitter_card":"summary_large_image","twitter_misc":{"Dur\u00e9e de lecture estim\u00e9e":"3 minutes"},"schema":{"@context":"https:\/\/schema.org","@graph":[{"@type":"WebPage","@id":"https:\/\/beresponsible.be\/fr\/","url":"https:\/\/beresponsible.be\/fr\/","name":"Be responsible | Be Responsible","isPartOf":{"@id":"https:\/\/beresponsible.be\/#website"},"datePublished":"2024-06-28T07:18:45+00:00","dateModified":"2024-07-30T13:34:33+00:00","breadcrumb":{"@id":"https:\/\/beresponsible.be\/fr\/#breadcrumb"},"inLanguage":"fr-FR","potentialAction":[{"@type":"ReadAction","target":["https:\/\/beresponsible.be\/fr\/"]}]},{"@type":"BreadcrumbList","@id":"https:\/\/beresponsible.be\/fr\/#breadcrumb","itemListElement":[{"@type":"ListItem","position":1,"name":"Home","item":"https:\/\/beresponsible.be\/fr\/"},{"@type":"ListItem","position":2,"name":"Be responsible"}]},{"@type":"WebSite","@id":"https:\/\/beresponsible.be\/#website","url":"https:\/\/beresponsible.be\/","name":"Be Responsible","description":"De Belgische biercultuur - Gezelligheid en verantwoordelijkheid hand in hand","publisher":{"@id":"https:\/\/beresponsible.be\/#organization"},"potentialAction":[{"@type":"SearchAction","target":{"@type":"EntryPoint","urlTemplate":"https:\/\/beresponsible.be\/?s={search_term_string}"},"query-input":{"@type":"PropertyValueSpecification","valueRequired":true,"valueName":"search_term_string"}}],"inLanguage":"fr-FR"},{"@type":"Organization","@id":"https:\/\/beresponsible.be\/#organization","name":"Be Responsible","url":"https:\/\/beresponsible.be\/","logo":{"@type":"ImageObject","inLanguage":"fr-FR","@id":"https:\/\/beresponsible.be\/#\/schema\/logo\/image\/","url":"https:\/\/beresponsible.be\/wp-content\/uploads\/2024\/07\/BeBeer-Be00.jpg","contentUrl":"https:\/\/beresponsible.be\/wp-content\/uploads\/2024\/07\/BeBeer-Be00.jpg","width":2300,"height":1533,"caption":"Be Responsible"},"image":{"@id":"https:\/\/beresponsible.be\/#\/schema\/logo\/image\/"}}]}},"_links":{"self":[{"href":"https:\/\/beresponsible.be\/fr\/wp-json\/wp\/v2\/pages\/75","targetHints":{"allow":["GET"]}}],"collection":[{"href":"https:\/\/beresponsible.be\/fr\/wp-json\/wp\/v2\/pages"}],"about":[{"href":"https:\/\/beresponsible.be\/fr\/wp-json\/wp\/v2\/types\/page"}],"author":[{"embeddable":true,"href":"https:\/\/beresponsible.be\/fr\/wp-json\/wp\/v2\/users\/1"}],"replies":[{"embeddable":true,"href":"https:\/\/beresponsible.be\/fr\/wp-json\/wp\/v2\/comments?post=75"}],"version-history":[{"count":11,"href":"https:\/\/beresponsible.be\/fr\/wp-json\/wp\/v2\/pages\/75\/revisions"}],"predecessor-version":[{"id":204,"href":"https:\/\/beresponsible.be\/fr\/wp-json\/wp\/v2\/pages\/75\/revisions\/204"}],"wp:attachment":[{"href":"https:\/\/beresponsible.be\/fr\/wp-json\/wp\/v2\/media?parent=75"}],"curies":[{"name":"wp","href":"https:\/\/api.w.org\/{rel}","templated":true}]}}